


	{"id":998,"date":"2024-12-20T16:16:06","date_gmt":"2024-12-20T09:16:06","guid":{"rendered":"https:\/\/muabanduan.com.vn\/him-lam-an-hong\/?page_id=998"},"modified":"2024-12-24T10:01:25","modified_gmt":"2024-12-24T03:01:25","slug":"chu-dau-tu","status":"publish","type":"page","link":"https:\/\/muabanduan.com.vn\/him-lam-an-hong\/chu-dau-tu\/","title":{"rendered":"Ch\u1ee7 \u0111\u1ea7u t\u01b0"},"content":{"rendered":"\t<section class=\"section pd-b0\" id=\"section_349495358\">\n\t\t<div class=\"bg section-bg fill bg-fill bg-loaded bg-loaded\" >\n\n\t\t\t\n\t\t\t\n\t\t\t\n\n\t\t<\/div>\n\n\t\t\n\n\t\t<div class=\"section-content relative\">\n\t\t\t\n<div class=\"row\"  id=\"row-777319132\">\n\n\t<div id=\"col-1297177042\" class=\"col small-12 large-12\"  >\n\t\t\t\t<div class=\"col-inner\"  >\n\t\t\t\n\t\t\t\n\t<div id=\"text-793684497\" class=\"text title-sec-2\">\n\t\t\n<h1>Ch\u1ee7 \u0111\u1ea7u t\u01b0<\/h1>\n\t\t\n<style>\n#text-793684497 {\n  text-align: center;\n}\n<\/style>\n\t<\/div>\n\t\n\t<div id=\"text-3316571704\" class=\"text txt-jus\">\n\t\t\n<p>C\u00f4ng ty C\u1ed5 ph\u1ea7n \u0110\u1ea7u t\u01b0 H\u1ed3ng B\u00e0ng, ti\u1ec1n th\u00e2n l\u00e0 C\u00f4ng ty C\u1ed5 ph\u1ea7n Him Lam H\u1ea3i Ph\u00f2ng, l\u00e0 m\u1ed9t trong nh\u1eefng \u0111\u01a1n v\u1ecb th\u00e0nh vi\u00ean c\u1ee7a T\u1eadp \u0111o\u00e0n Him Lam. \u0110\u01b0\u1ee3c th\u00e0nh l\u1eadp t\u1eeb n\u0103m 2008, c\u00f4ng ty \u0111\u00f3ng vai tr\u00f2 quan tr\u1ecdng trong vi\u1ec7c ph\u00e1t tri\u1ec3n c\u00e1c d\u1ef1 \u00e1n b\u1ea5t \u0111\u1ed9ng s\u1ea3n t\u1ea1i khu v\u1ef1c H\u1ea3i Ph\u00f2ng v\u00e0 c\u00e1c t\u1ec9nh l\u00e2n c\u1eadn.<\/p>\n<h2><span style=\"color: #ee9734;\"><strong>Th\u00f4ng tin c\u01a1 b\u1ea3n:<\/strong><\/span><\/h2>\n<ul>\n<li><strong>T\u00ean \u0111\u1ea7y \u0111\u1ee7:<\/strong> C\u00f4ng ty C\u1ed5 ph\u1ea7n \u0110\u1ea7u t\u01b0 H\u1ed3ng B\u00e0ng<\/li>\n<li><strong>Tr\u1ee5 s\u1edf ch\u00ednh:<\/strong> S\u1ed1 58 Ph\u1ea1m Minh \u0110\u1ee9c, Ph\u01b0\u1eddng M\u00e1y T\u01a1, Qu\u1eadn Ng\u00f4 Quy\u1ec1n, TP. H\u1ea3i Ph\u00f2ng.<\/li>\n<li><strong>Ng\u00e0nh ngh\u1ec1 ch\u00ednh:<\/strong>\n<ul>\n<li>\u0110\u1ea7u t\u01b0 v\u00e0 ph\u00e1t tri\u1ec3n b\u1ea5t \u0111\u1ed9ng s\u1ea3n.<\/li>\n<li>Kinh doanh v\u1eadt li\u1ec7u x\u00e2y d\u1ef1ng.<\/li>\n<\/ul>\n<\/li>\n<\/ul>\n<h2><span style=\"color: #ee9734;\"><strong>T\u1ea7m nh\u00ecn v\u00e0 s\u1ee9 m\u1ec7nh:<\/strong><\/span><\/h2>\n<p>C\u00f4ng ty C\u1ed5 ph\u1ea7n \u0110\u1ea7u t\u01b0 H\u1ed3ng B\u00e0ng \u0111\u1eb7t m\u1ee5c ti\u00eau tr\u1edf th\u00e0nh m\u1ed9t trong nh\u1eefng \u0111\u01a1n v\u1ecb ph\u00e1t tri\u1ec3n b\u1ea5t \u0111\u1ed9ng s\u1ea3n h\u00e0ng \u0111\u1ea7u t\u1ea1i H\u1ea3i Ph\u00f2ng, g\u00f3p ph\u1ea7n n\u00e2ng cao ch\u1ea5t l\u01b0\u1ee3ng cu\u1ed9c s\u1ed1ng c\u1ee7a c\u01b0 d\u00e2n v\u00e0 ph\u00e1t tri\u1ec3n \u0111\u00f4 th\u1ecb b\u1ec1n v\u1eefng. C\u00f4ng ty cam k\u1ebft cung c\u1ea5p c\u00e1c s\u1ea3n ph\u1ea9m b\u1ea5t \u0111\u1ed9ng s\u1ea3n ch\u1ea5t l\u01b0\u1ee3ng cao, ti\u1ec7n \u00edch hi\u1ec7n \u0111\u1ea1i v\u00e0 d\u1ecbch v\u1ee5 ch\u0103m s\u00f3c kh\u00e1ch h\u00e0ng chu \u0111\u00e1o.<\/p>\n<h2><span style=\"color: #ee9734;\"><strong>M\u1ed9t s\u1ed1 d\u1ef1 \u00e1n ti\u00eau bi\u1ec3u:<\/strong><\/span><\/h2>\n<ol>\n<li>\n<p><strong>Him Lam H\u00f9ng V\u01b0\u01a1ng:<\/strong><\/p>\n<ul>\n<li>Quy m\u00f4: 12,3 ha.<\/li>\n<li>V\u1ecb tr\u00ed: Ph\u01b0\u1eddng H\u00f9ng V\u01b0\u01a1ng, Qu\u1eadn H\u1ed3ng B\u00e0ng, TP. H\u1ea3i Ph\u00f2ng.<\/li>\n<li>D\u1ef1 \u00e1n \u0111\u00e3 ho\u00e0n th\u00e0nh, cung c\u1ea5p kh\u00f4ng gian s\u1ed1ng hi\u1ec7n \u0111\u1ea1i v\u1edbi ti\u1ec7n \u00edch v\u01b0\u1ee3t tr\u1ed9i.<\/li>\n<\/ul>\n<\/li>\n<li>\n<p><strong>Him Lam An H\u1ed3ng:<\/strong><\/p>\n<ul>\n<li>Quy m\u00f4: 7,3 ha.<\/li>\n<li>V\u1ecb tr\u00ed: Th\u00f4n Ph\u1ea1m D\u00f9ng, X\u00e3 An H\u1ed3ng, Huy\u1ec7n An D\u01b0\u01a1ng, TP. H\u1ea3i Ph\u00f2ng.<\/li>\n<li>Bao g\u1ed3m c\u00e1c lo\u1ea1i h\u00ecnh nh\u00e0 li\u1ec1n k\u1ec1 th\u01b0\u01a1ng m\u1ea1i v\u00e0 nh\u00e0 \u1edf x\u00e3 h\u1ed9i, \u0111\u00e1p \u1ee9ng nhu c\u1ea7u \u0111a d\u1ea1ng c\u1ee7a c\u01b0 d\u00e2n.<\/li>\n<\/ul>\n<\/li>\n<\/ol>\n<h2><span style=\"color: #ee9734;\"><strong>L\u1ee3i th\u1ebf c\u1ea1nh tranh:<\/strong><\/span><\/h2>\n<ol>\n<li><strong>Uy t\u00edn v\u00e0 n\u0103ng l\u1ef1c t\u00e0i ch\u00ednh m\u1ea1nh:<\/strong> L\u00e0 th\u00e0nh vi\u00ean c\u1ee7a T\u1eadp \u0111o\u00e0n Him Lam, c\u00f4ng ty th\u1eeba h\u01b0\u1edfng ngu\u1ed3n l\u1ef1c t\u00e0i ch\u00ednh v\u1eefng m\u1ea1nh v\u00e0 kinh nghi\u1ec7m d\u00e0y d\u1eb7n trong l\u0129nh v\u1ef1c b\u1ea5t \u0111\u1ed9ng s\u1ea3n.<\/li>\n<li><strong>Chi\u1ebfn l\u01b0\u1ee3c ph\u00e1t tri\u1ec3n b\u1ec1n v\u1eefng:<\/strong> T\u1eadp trung v\u00e0o vi\u1ec7c x\u00e2y d\u1ef1ng c\u00e1c d\u1ef1 \u00e1n b\u1ea5t \u0111\u1ed9ng s\u1ea3n ch\u1ea5t l\u01b0\u1ee3ng, \u0111\u1ed3ng h\u00e0nh c\u00f9ng s\u1ef1 ph\u00e1t tri\u1ec3n kinh t\u1ebf &#8211; x\u00e3 h\u1ed9i c\u1ee7a khu v\u1ef1c.<\/li>\n<li><strong>Qu\u1ea3n l\u00fd v\u00e0 v\u1eadn h\u00e0nh chuy\u00ean nghi\u1ec7p:<\/strong> Cam k\u1ebft mang l\u1ea1i gi\u00e1 tr\u1ecb b\u1ec1n v\u1eefng cho kh\u00e1ch h\u00e0ng th\u00f4ng qua c\u00e1c d\u1ecbch v\u1ee5 sau b\u00e1n h\u00e0ng v\u00e0 qu\u1ea3n l\u00fd b\u1ea5t \u0111\u1ed9ng s\u1ea3n.<\/li>\n<\/ol>\n<h2><span style=\"color: #ee9734;\"><strong>\u0110\u1ecbnh h\u01b0\u1edbng t\u01b0\u01a1ng lai:<\/strong><\/span><\/h2>\n<p>C\u00f4ng ty C\u1ed5 ph\u1ea7n \u0110\u1ea7u t\u01b0 H\u1ed3ng B\u00e0ng ti\u1ebfp t\u1ee5c m\u1edf r\u1ed9ng v\u00e0 ph\u00e1t tri\u1ec3n th\u00eam c\u00e1c d\u1ef1 \u00e1n t\u1ea1i H\u1ea3i Ph\u00f2ng v\u00e0 c\u00e1c khu v\u1ef1c kh\u00e1c, \u0111\u00f3ng g\u00f3p v\u00e0o s\u1ef1 ph\u00e1t tri\u1ec3n \u0111\u00f4 th\u1ecb v\u00e0 mang l\u1ea1i gi\u00e1 tr\u1ecb b\u1ec1n v\u1eefng cho c\u1ed9ng \u0111\u1ed3ng.<\/p>\n\t\t\t<\/div>\n\t\n\t\t<\/div>\n\t\t\t\t\t<\/div>\n\n\t\n<\/div>\n\t\t<\/div>\n\n\t\t\n<style>\n#section_349495358 {\n  padding-top: 30px;\n  padding-bottom: 30px;\n}\n#section_349495358 .ux-shape-divider--top svg {\n  height: 150px;\n  --divider-top-width: 100%;\n}\n#section_349495358 .ux-shape-divider--bottom svg {\n  height: 150px;\n  --divider-width: 100%;\n}\n<\/style>\n\t<\/section>\n\t\n","protected":false},"excerpt":{"rendered":"","protected":false},"author":3,"featured_media":0,"parent":0,"menu_order":0,"comment_status":"closed","ping_status":"closed","template":"page-blank.php","meta":{"footnotes":""},"class_list":["post-998","page","type-page","status-publish","hentry"],"_links":{"self":[{"href":"https:\/\/muabanduan.com.vn\/him-lam-an-hong\/wp-json\/wp\/v2\/pages\/998"}],"collection":[{"href":"https:\/\/muabanduan.com.vn\/him-lam-an-hong\/wp-json\/wp\/v2\/pages"}],"about":[{"href":"https:\/\/muabanduan.com.vn\/him-lam-an-hong\/wp-json\/wp\/v2\/types\/page"}],"author":[{"embeddable":true,"href":"https:\/\/muabanduan.com.vn\/him-lam-an-hong\/wp-json\/wp\/v2\/users\/3"}],"replies":[{"embeddable":true,"href":"https:\/\/muabanduan.com.vn\/him-lam-an-hong\/wp-json\/wp\/v2\/comments?post=998"}],"version-history":[{"count":6,"href":"https:\/\/muabanduan.com.vn\/him-lam-an-hong\/wp-json\/wp\/v2\/pages\/998\/revisions"}],"predecessor-version":[{"id":1186,"href":"https:\/\/muabanduan.com.vn\/him-lam-an-hong\/wp-json\/wp\/v2\/pages\/998\/revisions\/1186"}],"wp:attachment":[{"href":"https:\/\/muabanduan.com.vn\/him-lam-an-hong\/wp-json\/wp\/v2\/media?parent=998"}],"curies":[{"name":"wp","href":"https:\/\/api.w.org\/{rel}","templated":true}]}}