


	{"id":996,"date":"2024-12-20T16:15:46","date_gmt":"2024-12-20T09:15:46","guid":{"rendered":"https:\/\/muabanduan.com.vn\/him-lam-an-hong\/?page_id=996"},"modified":"2024-12-24T10:22:28","modified_gmt":"2024-12-24T03:22:28","slug":"tong-quan-du-an","status":"publish","type":"page","link":"https:\/\/muabanduan.com.vn\/him-lam-an-hong\/tong-quan-du-an\/","title":{"rendered":"T\u1ed5ng quan d\u1ef1 \u00e1n"},"content":{"rendered":"\t<section class=\"section\" id=\"section_1542057161\">\n\t\t<div class=\"bg section-bg fill bg-fill bg-loaded bg-loaded\" >\n\n\t\t\t\n\t\t\t\n\t\t\t\n\n\t\t<\/div>\n\n\t\t\n\n\t\t<div class=\"section-content relative\">\n\t\t\t\n<div class=\"row row-collapse row-full-width align-middle\"  id=\"row-2099198168\">\n\n\t<div id=\"col-1425389506\" class=\"col medium-12 small-12 large-6\"  >\n\t\t\t\t<div class=\"col-inner\"  >\n\t\t\t\n\t\t\t\n\t<div id=\"text-1914400592\" class=\"text title-sec-2\">\n\t\t\n<h1>T\u1ed4NG QUAN D\u1ef0 \u00c1N<\/h1>\n\t\t\n<style>\n#text-1914400592 {\n  text-align: center;\n}\n<\/style>\n\t<\/div>\n\t\n\t<div id=\"text-3336632219\" class=\"text txt-jus\">\n\t\t\n<p>Him Lam H\u1ea3i Ph\u00f2ng ho\u1ea1t \u0111\u1ed9ng trong 2 l\u0129nh v\u1ef1c ch\u1ee7 y\u1ebfu l\u00e0 \u0111\u1ea7u t\u01b0 kinh doanh b\u1ea5t \u0111\u1ed9ng s\u1ea3n v\u00e0 kinh doanh v\u1eadt li\u1ec7u x\u00e2y d\u1ef1ng. N\u0103m 2018, Him Lam H\u1ea3i Ph\u00f2ng t\u1eebng r\u1ea5t th\u00e0nh c\u00f4ng v\u1edbi d\u1ef1 \u00e1n Him Lam H\u00f9ng V\u01b0\u01a1ng v\u1edbi quy m\u00f4 12.3 ha (tr\u00ean 700 c\u0103n li\u1ec1n k\u1ec1, shophouse) tri\u1ec3n khai t\u1ea1i Ph\u01b0\u1eddng H\u00f9ng V\u01b0\u01a1ng, Qu\u1eadn H\u1ed3ng B\u00e0ng, Th\u00e0nh ph\u1ed1 H\u1ea3i Ph\u00f2ng. D\u1ef1 \u00e1n n\u00e0y \u0111\u00e3 ph\u1ea7n n\u00e0o t\u1ea1o n\u00ean uy t\u00edn c\u0169ng nh\u01b0 s\u1ee9c m\u1ea1nh c\u1ee7a Him Lam t\u1ea1i H\u1ea3i Ph\u00f2ng.<\/p>\n<ul>\n<li>T\u00ean d\u1ef1 \u00e1n: Him Lam An H\u1ed3ng<\/li>\n<li>Ch\u1ee7 \u0111\u1ea7u t\u01b0: C\u00f4ng ty CP \u0110\u1ea7u t\u01b0 H\u1ed3ng B\u00e0ng (Him Lam H\u1ea3i Ph\u00f2ng).<\/li>\n<li>V\u1ecb tr\u00ed: Th\u00f4n Ph\u1ea1m D\u00f9ng, X\u00e3 An H\u1ed3ng, Huy\u1ec7n An D\u01b0\u01a1ng, Th\u00e0nh ph\u1ed1 H\u1ea3i Ph\u00f2ng<\/li>\n<li>T\u1ed5ng di\u1ec7n t\u00edch: 7.3 ha (~2500 d\u00e2n)<\/li>\n<li>V\u1ed1n \u0111\u1ea7u t\u01b0: 1.110 t\u1ef7 \u0111\u1ed3ng<\/li>\n<li>S\u1ea3n ph\u1ea9m: Li\u1ec1n k\u1ec1 (346 c\u0103n), nh\u00e0 \u1edf x\u00e3 h\u1ed9i (2 t\u00f2a chung c\u01b0 v\u1edbi 314 c\u0103n)<\/li>\n<li>H\u00ecnh th\u1ee9c s\u1edf h\u1eefu: L\u00e2u d\u00e0i<\/li>\n<\/ul>\n\t\t\t<\/div>\n\t\n\t\t<\/div>\n\t\t\t\t\n<style>\n#col-1425389506 > .col-inner {\n  padding: 0px 15px 0px 15px;\n}\n@media (min-width:850px) {\n  #col-1425389506 > .col-inner {\n    padding: 0px 30px 0px 30px;\n  }\n}\n<\/style>\n\t<\/div>\n\n\t\n\n\t<div id=\"col-1625900408\" class=\"col medium-12 small-12 large-6\"  >\n\t\t\t\t<div class=\"col-inner\"  >\n\t\t\t\n\t\t\t\n\t<div class=\"img has-hover img-fancybox x md-x lg-x y md-y lg-y\" id=\"image_995789456\">\n\t\t\t\t\t\t\t\t<div class=\"img-inner image-zoom dark\" >\n\t\t\t<img loading=\"lazy\" decoding=\"async\" width=\"1000\" height=\"920\" src=\"https:\/\/muabanduan.com.vn\/him-lam-an-hong\/wp-content\/uploads\/2024\/12\/image-20230809170608-2.jpeg\" class=\"attachment-original size-original\" alt=\"\" srcset=\"https:\/\/muabanduan.com.vn\/him-lam-an-hong\/wp-content\/uploads\/2024\/12\/image-20230809170608-2.jpeg 1000w, https:\/\/muabanduan.com.vn\/him-lam-an-hong\/wp-content\/uploads\/2024\/12\/image-20230809170608-2-300x276.jpeg 300w, https:\/\/muabanduan.com.vn\/him-lam-an-hong\/wp-content\/uploads\/2024\/12\/image-20230809170608-2-768x707.jpeg 768w\" sizes=\"(max-width: 1000px) 100vw, 1000px\" \/>\t\t\t\t\t\t\n\t\t\t\t\t<\/div>\n\t\t\t\t\t\t\t\t\n<style>\n#image_995789456 {\n  width: 100%;\n}\n<\/style>\n\t<\/div>\n\t\n\t\t<\/div>\n\t\t\t\t\t<\/div>\n\n\t\n<\/div>\n\t\t<\/div>\n\n\t\t\n<style>\n#section_1542057161 {\n  padding-top: 30px;\n  padding-bottom: 30px;\n}\n#section_1542057161 .ux-shape-divider--top svg {\n  height: 150px;\n  --divider-top-width: 100%;\n}\n#section_1542057161 .ux-shape-divider--bottom svg {\n  height: 150px;\n  --divider-width: 100%;\n}\n<\/style>\n\t<\/section>\n\t\n","protected":false},"excerpt":{"rendered":"","protected":false},"author":3,"featured_media":0,"parent":0,"menu_order":0,"comment_status":"closed","ping_status":"closed","template":"page-blank.php","meta":{"footnotes":""},"class_list":["post-996","page","type-page","status-publish","hentry"],"_links":{"self":[{"href":"https:\/\/muabanduan.com.vn\/him-lam-an-hong\/wp-json\/wp\/v2\/pages\/996"}],"collection":[{"href":"https:\/\/muabanduan.com.vn\/him-lam-an-hong\/wp-json\/wp\/v2\/pages"}],"about":[{"href":"https:\/\/muabanduan.com.vn\/him-lam-an-hong\/wp-json\/wp\/v2\/types\/page"}],"author":[{"embeddable":true,"href":"https:\/\/muabanduan.com.vn\/him-lam-an-hong\/wp-json\/wp\/v2\/users\/3"}],"replies":[{"embeddable":true,"href":"https:\/\/muabanduan.com.vn\/him-lam-an-hong\/wp-json\/wp\/v2\/comments?post=996"}],"version-history":[{"count":7,"href":"https:\/\/muabanduan.com.vn\/him-lam-an-hong\/wp-json\/wp\/v2\/pages\/996\/revisions"}],"predecessor-version":[{"id":1204,"href":"https:\/\/muabanduan.com.vn\/him-lam-an-hong\/wp-json\/wp\/v2\/pages\/996\/revisions\/1204"}],"wp:attachment":[{"href":"https:\/\/muabanduan.com.vn\/him-lam-an-hong\/wp-json\/wp\/v2\/media?parent=996"}],"curies":[{"name":"wp","href":"https:\/\/api.w.org\/{rel}","templated":true}]}}