


	{"id":994,"date":"2024-12-20T16:15:32","date_gmt":"2024-12-20T09:15:32","guid":{"rendered":"https:\/\/muabanduan.com.vn\/him-lam-an-hong\/?page_id=994"},"modified":"2024-12-24T10:12:13","modified_gmt":"2024-12-24T03:12:13","slug":"vi-tri","status":"publish","type":"page","link":"https:\/\/muabanduan.com.vn\/him-lam-an-hong\/vi-tri\/","title":{"rendered":"V\u1ecb tr\u00ed"},"content":{"rendered":"\t<section class=\"section\" id=\"section_346548220\">\n\t\t<div class=\"bg section-bg fill bg-fill bg-loaded bg-loaded\" >\n\n\t\t\t\n\t\t\t\n\t\t\t\n\n\t\t<\/div>\n\n\t\t\n\n\t\t<div class=\"section-content relative\">\n\t\t\t\n<div class=\"row\"  id=\"row-1530663728\">\n\n\t<div id=\"col-1382331372\" class=\"col small-12 large-12\"  >\n\t\t\t\t<div class=\"col-inner\"  >\n\t\t\t\n\t\t\t\n\t<div id=\"text-3328463400\" class=\"text title-sec title-sec-2\">\n\t\t\n<h1>V\u1ecb tr\u00ed<\/h1>\n\t\t\n<style>\n#text-3328463400 {\n  text-align: center;\n}\n<\/style>\n\t<\/div>\n\t\n\t\t<\/div>\n\t\t\t\t\t<\/div>\n\n\t\n<\/div>\n<div class=\"row row-collapse row-full-width align-equal\"  id=\"row-1610095080\">\n\n\t<div id=\"col-689180470\" class=\"col medium-12 small-12 large-6\"  >\n\t\t\t\t<div class=\"col-inner dark\" style=\"background-color:#094e63;\" >\n\t\t\t\n\t\t\t\n\t<div id=\"text-232677\" class=\"text txt-jus\">\n\t\t\n<p>D\u1ef1 \u00e1n Him Lam An H\u1ed3ng n\u1eb1m \u1edf ph\u00eda T\u00e2y B\u1eafc c\u1ee7a th\u00e0nh ph\u1ed1 H\u1ea3i Ph\u00f2ng. D\u1ef1 \u00e1n n\u1eb1m ti\u1ebfp gi\u00e1p v\u1edbi Qu\u1ed1c L\u1ed9 10 l\u00e0 tuy\u1ebfn \u0111\u01b0\u1eddng huy\u1ebft m\u1ea1ch c\u1ee7a th\u00e0nh ph\u1ed1 gi\u00fap thu\u1eadn ti\u1ec7n di chuy\u1ec3n \u0111\u1ebfn c\u00e1c t\u1ec9nh l\u00e2n c\u1eadn: Th\u00e0nh ph\u1ed1 U\u00f4ng B\u00ed (Qu\u1ea3ng Ninh), Th\u00e1i B\u00ecnh, Nam \u0110\u1ecbnh, H\u01b0ng Y\u00ean\u2026<\/p>\n<ul>\n<li>Ch\u1ec9 2km \u0111\u1ebfn \u0111\u01b0\u1eddng H\u00f9ng V\u01b0\u01a1ng (Qu\u1ed1c l\u1ed9 5 c\u0169)<\/li>\n<li>Ch\u1ec9 10km \u0111\u1ebfn trung t\u00e2m th\u00e0nh ph\u1ed1 H\u1ea3i Ph\u00f2ng<\/li>\n<li>Ch\u1ec9 15km \u0111\u1ebfn qu\u1ed1c l\u1ed9 5B (cao t\u1ed1c H\u00e0 N\u1ed9i \u2013 H\u1ea3i Ph\u00f2ng.<\/li>\n<li>Ch\u1ec9 20km \u0111\u1ebfn th\u00e0nh ph\u1ed1 U\u00f4ng B\u00ed Qu\u1ea3ng Ninh<\/li>\n<\/ul>\n\t\t\t<\/div>\n\t\n\t\t<\/div>\n\t\t\t\t\n<style>\n#col-689180470 > .col-inner {\n  padding: 30px 15px 20px 15px;\n}\n@media (min-width:850px) {\n  #col-689180470 > .col-inner {\n    padding: 30px 30px 30px 30px;\n  }\n}\n<\/style>\n\t<\/div>\n\n\t\n\n\t<div id=\"col-124470343\" class=\"col medium-12 small-12 large-6\"  >\n\t\t\t\t<div class=\"col-inner\"  >\n\t\t\t\n\t\t\t\n<div class=\"slider-wrapper relative\" id=\"slider-1955303821\" >\n    <div class=\"slider slider-nav-circle slider-nav-large slider-nav-light slider-style-normal\"\n        data-flickity-options='{\n            \"cellAlign\": \"center\",\n            \"imagesLoaded\": true,\n            \"lazyLoad\": 1,\n            \"freeScroll\": false,\n            \"wrapAround\": true,\n            \"autoPlay\": 6000,\n            \"pauseAutoPlayOnHover\" : true,\n            \"prevNextButtons\": false,\n            \"contain\" : true,\n            \"adaptiveHeight\" : true,\n            \"dragThreshold\" : 10,\n            \"percentPosition\": true,\n            \"pageDots\": true,\n            \"rightToLeft\": false,\n            \"draggable\": true,\n            \"selectedAttraction\": 0.1,\n            \"parallax\" : 0,\n            \"friction\": 0.6        }'\n        >\n        \n\t<div class=\"img has-hover x md-x lg-x y md-y lg-y\" id=\"image_682248890\">\n\t\t\t\t\t\t\t\t<div class=\"img-inner image-cover dark\" style=\"padding-top:75%;\">\n\t\t\t<img loading=\"lazy\" decoding=\"async\" width=\"2560\" height=\"1382\" src=\"https:\/\/muabanduan.com.vn\/him-lam-an-hong\/wp-content\/uploads\/2024\/12\/z6159997431723_ccdb38586e44153cec303571788fffad.jpg\" class=\"attachment-original size-original\" alt=\"\" srcset=\"https:\/\/muabanduan.com.vn\/him-lam-an-hong\/wp-content\/uploads\/2024\/12\/z6159997431723_ccdb38586e44153cec303571788fffad.jpg 2560w, https:\/\/muabanduan.com.vn\/him-lam-an-hong\/wp-content\/uploads\/2024\/12\/z6159997431723_ccdb38586e44153cec303571788fffad-300x162.jpg 300w, https:\/\/muabanduan.com.vn\/him-lam-an-hong\/wp-content\/uploads\/2024\/12\/z6159997431723_ccdb38586e44153cec303571788fffad-1024x553.jpg 1024w, https:\/\/muabanduan.com.vn\/him-lam-an-hong\/wp-content\/uploads\/2024\/12\/z6159997431723_ccdb38586e44153cec303571788fffad-768x415.jpg 768w, https:\/\/muabanduan.com.vn\/him-lam-an-hong\/wp-content\/uploads\/2024\/12\/z6159997431723_ccdb38586e44153cec303571788fffad-1536x829.jpg 1536w, https:\/\/muabanduan.com.vn\/him-lam-an-hong\/wp-content\/uploads\/2024\/12\/z6159997431723_ccdb38586e44153cec303571788fffad-2048x1106.jpg 2048w\" sizes=\"(max-width: 2560px) 100vw, 2560px\" \/>\t\t\t\t\t\t\n\t\t\t\t\t<\/div>\n\t\t\t\t\t\t\t\t\n<style>\n#image_682248890 {\n  width: 100%;\n}\n<\/style>\n\t<\/div>\n\t\n\t<div class=\"img has-hover x md-x lg-x y md-y lg-y\" id=\"image_312929653\">\n\t\t\t\t\t\t\t\t<div class=\"img-inner image-cover dark\" style=\"padding-top:75%;\">\n\t\t\t<img loading=\"lazy\" decoding=\"async\" width=\"2560\" height=\"1384\" src=\"https:\/\/muabanduan.com.vn\/him-lam-an-hong\/wp-content\/uploads\/2024\/12\/z6159997431722_f9803f5b7760406c505d6371213c3070.jpg\" class=\"attachment-original size-original\" alt=\"\" srcset=\"https:\/\/muabanduan.com.vn\/him-lam-an-hong\/wp-content\/uploads\/2024\/12\/z6159997431722_f9803f5b7760406c505d6371213c3070.jpg 2560w, https:\/\/muabanduan.com.vn\/him-lam-an-hong\/wp-content\/uploads\/2024\/12\/z6159997431722_f9803f5b7760406c505d6371213c3070-300x162.jpg 300w, https:\/\/muabanduan.com.vn\/him-lam-an-hong\/wp-content\/uploads\/2024\/12\/z6159997431722_f9803f5b7760406c505d6371213c3070-1024x554.jpg 1024w, https:\/\/muabanduan.com.vn\/him-lam-an-hong\/wp-content\/uploads\/2024\/12\/z6159997431722_f9803f5b7760406c505d6371213c3070-768x415.jpg 768w, https:\/\/muabanduan.com.vn\/him-lam-an-hong\/wp-content\/uploads\/2024\/12\/z6159997431722_f9803f5b7760406c505d6371213c3070-1536x830.jpg 1536w, https:\/\/muabanduan.com.vn\/him-lam-an-hong\/wp-content\/uploads\/2024\/12\/z6159997431722_f9803f5b7760406c505d6371213c3070-2048x1107.jpg 2048w\" sizes=\"(max-width: 2560px) 100vw, 2560px\" \/>\t\t\t\t\t\t\n\t\t\t\t\t<\/div>\n\t\t\t\t\t\t\t\t\n<style>\n#image_312929653 {\n  width: 100%;\n}\n<\/style>\n\t<\/div>\n\t\n     <\/div>\n\n     <div class=\"loading-spin dark large centered\"><\/div>\n\n     \t<\/div>\n\n\n\t\t<\/div>\n\t\t\t\t\t<\/div>\n\n\t\n<\/div>\n\t\t<\/div>\n\n\t\t\n<style>\n#section_346548220 {\n  padding-top: 30px;\n  padding-bottom: 30px;\n}\n#section_346548220 .ux-shape-divider--top svg {\n  height: 150px;\n  --divider-top-width: 100%;\n}\n#section_346548220 .ux-shape-divider--bottom svg {\n  height: 150px;\n  --divider-width: 100%;\n}\n<\/style>\n\t<\/section>\n\t\n","protected":false},"excerpt":{"rendered":"","protected":false},"author":3,"featured_media":0,"parent":0,"menu_order":0,"comment_status":"closed","ping_status":"closed","template":"page-blank.php","meta":{"footnotes":""},"class_list":["post-994","page","type-page","status-publish","hentry"],"_links":{"self":[{"href":"https:\/\/muabanduan.com.vn\/him-lam-an-hong\/wp-json\/wp\/v2\/pages\/994"}],"collection":[{"href":"https:\/\/muabanduan.com.vn\/him-lam-an-hong\/wp-json\/wp\/v2\/pages"}],"about":[{"href":"https:\/\/muabanduan.com.vn\/him-lam-an-hong\/wp-json\/wp\/v2\/types\/page"}],"author":[{"embeddable":true,"href":"https:\/\/muabanduan.com.vn\/him-lam-an-hong\/wp-json\/wp\/v2\/users\/3"}],"replies":[{"embeddable":true,"href":"https:\/\/muabanduan.com.vn\/him-lam-an-hong\/wp-json\/wp\/v2\/comments?post=994"}],"version-history":[{"count":10,"href":"https:\/\/muabanduan.com.vn\/him-lam-an-hong\/wp-json\/wp\/v2\/pages\/994\/revisions"}],"predecessor-version":[{"id":1197,"href":"https:\/\/muabanduan.com.vn\/him-lam-an-hong\/wp-json\/wp\/v2\/pages\/994\/revisions\/1197"}],"wp:attachment":[{"href":"https:\/\/muabanduan.com.vn\/him-lam-an-hong\/wp-json\/wp\/v2\/media?parent=994"}],"curies":[{"name":"wp","href":"https:\/\/api.w.org\/{rel}","templated":true}]}}