


	{"id":990,"date":"2024-12-20T16:14:35","date_gmt":"2024-12-20T09:14:35","guid":{"rendered":"https:\/\/muabanduan.com.vn\/him-lam-an-hong\/?page_id=990"},"modified":"2024-12-24T10:02:06","modified_gmt":"2024-12-24T03:02:06","slug":"tien-ich","status":"publish","type":"page","link":"https:\/\/muabanduan.com.vn\/him-lam-an-hong\/tien-ich\/","title":{"rendered":"Ti\u1ec7n \u00edch"},"content":{"rendered":"\t<section class=\"section pd-b0\" id=\"section_1354887239\">\n\t\t<div class=\"bg section-bg fill bg-fill bg-loaded bg-loaded\" >\n\n\t\t\t\n\t\t\t\n\t\t\t\n\n\t\t<\/div>\n\n\t\t\n\n\t\t<div class=\"section-content relative\">\n\t\t\t\n<div class=\"row\"  id=\"row-2080019677\">\n\n\t<div id=\"col-1290737501\" class=\"col pd-b0 small-12 large-12\"  >\n\t\t\t\t<div class=\"col-inner\"  >\n\t\t\t\n\t\t\t\n\t<div id=\"text-2674756050\" class=\"text title-sec-2\">\n\t\t\n<h1>Ti\u1ec7n \u00edch<\/h1>\n\t\t\n<style>\n#text-2674756050 {\n  text-align: center;\n}\n<\/style>\n\t<\/div>\n\t\n<p>D\u1ef1 \u00e1n Him Lam An H\u1ed3ng t\u1ecda l\u1ea1c t\u1ea1i th\u00f4n Ph\u1ea1m D\u00f9ng, x\u00e3 An H\u1ed3ng, huy\u1ec7n An D\u01b0\u01a1ng, th\u00e0nh ph\u1ed1 H\u1ea3i Ph\u00f2ng, v\u1edbi t\u1ed5ng di\u1ec7n t\u00edch 7,3 ha.<\/p>\n<p>D\u1ef1 \u00e1n bao g\u1ed3m 346 c\u0103n nh\u00e0 li\u1ec1n k\u1ec1 v\u00e0 2 t\u00f2a chung c\u01b0 nh\u00e0 \u1edf x\u00e3 h\u1ed9i v\u1edbi 349 c\u0103n h\u1ed9.<\/p>\n<p>V\u1ec1 ti\u1ec7n \u00edch, d\u1ef1 \u00e1n \u0111\u01b0\u1ee3c quy ho\u1ea1ch v\u1edbi c\u00e1c h\u1ea1ng m\u1ee5c sau:<\/p>\n<ul>\n<li>\n<p><strong>Tr\u01b0\u1eddng m\u1ea7m non<\/strong>: D\u1ef1 ki\u1ebfn x\u00e2y d\u1ef1ng tr\u00ean di\u1ec7n t\u00edch 3.860 m\u00b2 v\u1edbi chi\u1ec1u cao 3 t\u1ea7ng, \u0111\u00e1p \u1ee9ng nhu c\u1ea7u gi\u00e1o d\u1ee5c cho c\u01b0 d\u00e2n.<\/p>\n<\/li>\n<li>\n<p><strong>C\u00f4ng vi\u00ean c\u00e2y xanh v\u00e0 khu vui ch\u01a1i gi\u1ea3i tr\u00ed<\/strong>: T\u1ea1o kh\u00f4ng gian xanh v\u00e0 khu v\u1ef1c gi\u1ea3i tr\u00ed cho c\u01b0 d\u00e2n.<\/p>\n<\/li>\n<li>\n<p><strong>H\u1ec7 th\u1ed1ng giao th\u00f4ng n\u1ed9i khu<\/strong>: \u0110\u01b0\u1eddng n\u1ed9i b\u1ed9 r\u1ed9ng t\u1eeb 6 \u2013 7 m, \u0111\u1ea3m b\u1ea3o l\u01b0u th\u00f4ng thu\u1eadn ti\u1ec7n trong khu v\u1ef1c.<\/p>\n<\/li>\n<li>\n<p><strong>B\u00e3i \u0111\u1ed7 xe<\/strong>: \u0110\u01b0\u1ee3c b\u1ed1 tr\u00ed h\u1ee3p l\u00fd, \u0111\u00e1p \u1ee9ng nhu c\u1ea7u \u0111\u1ed7 xe c\u1ee7a c\u01b0 d\u00e2n v\u00e0 kh\u00e1ch \u0111\u1ebfn th\u0103m.<\/p>\n<\/li>\n<\/ul>\n<p>Ngo\u00e0i ra, d\u1ef1 \u00e1n c\u00f2n n\u1eb1m g\u1ea7n c\u00e1c ti\u1ec7n \u00edch ngo\u1ea1i khu nh\u01b0 b\u1ec7nh vi\u1ec7n, si\u00eau th\u1ecb v\u00e0 c\u00e1c khu c\u00f4ng nghi\u1ec7p, thu\u1eadn ti\u1ec7n cho sinh ho\u1ea1t v\u00e0 l\u00e0m vi\u1ec7c c\u1ee7a c\u01b0 d\u00e2n.<\/p>\n\n  \n    <div class=\"row ga-fancybox large-columns-2 medium-columns-2 small-columns-1\">\n          <div class=\"gallery-col col\" >\n          <div class=\"col-inner\">\n                        <div class=\"box has-hover gallery-box box-normal\">\n              <div class=\"box-image image-cover\" style=\"padding-top:56.25%;\">\n                <img loading=\"lazy\" decoding=\"async\" width=\"1920\" height=\"1080\" src=\"https:\/\/muabanduan.com.vn\/him-lam-an-hong\/wp-content\/uploads\/2024\/12\/tien-ich-truong-hoc-nha-tre.jpg\" class=\"ga-fancybox\" alt=\"\" ids=\"1177,1176,1175,1174\" style=\"normal\" lightbox=\"false\" columns=\"2\" columns__sm=\"1\" columns__md=\"2\" image_height=\"56.25%\" image_size=\"original\" text_align=\"center\" text_bg=\"rgb(240, 240, 240)\" srcset=\"https:\/\/muabanduan.com.vn\/him-lam-an-hong\/wp-content\/uploads\/2024\/12\/tien-ich-truong-hoc-nha-tre.jpg 1920w, https:\/\/muabanduan.com.vn\/him-lam-an-hong\/wp-content\/uploads\/2024\/12\/tien-ich-truong-hoc-nha-tre-300x169.jpg 300w, https:\/\/muabanduan.com.vn\/him-lam-an-hong\/wp-content\/uploads\/2024\/12\/tien-ich-truong-hoc-nha-tre-1024x576.jpg 1024w, https:\/\/muabanduan.com.vn\/him-lam-an-hong\/wp-content\/uploads\/2024\/12\/tien-ich-truong-hoc-nha-tre-768x432.jpg 768w, https:\/\/muabanduan.com.vn\/him-lam-an-hong\/wp-content\/uploads\/2024\/12\/tien-ich-truong-hoc-nha-tre-1536x864.jpg 1536w\" sizes=\"(max-width: 1920px) 100vw, 1920px\" \/>                                                              <\/div>\n              <div class=\"box-text text-center\" style=\"background-color:rgb(240, 240, 240);\">\n                 <p>Nh\u00e0 tr\u1ebb<\/p>\n              <\/div>\n            <\/div>\n                      <\/div>\n         <\/div>\n                 <div class=\"gallery-col col\" >\n          <div class=\"col-inner\">\n                        <div class=\"box has-hover gallery-box box-normal\">\n              <div class=\"box-image image-cover\" style=\"padding-top:56.25%;\">\n                <img loading=\"lazy\" decoding=\"async\" width=\"2000\" height=\"1125\" src=\"https:\/\/muabanduan.com.vn\/him-lam-an-hong\/wp-content\/uploads\/2024\/12\/tien-ich-cong-vien.jpg\" class=\"ga-fancybox\" alt=\"\" ids=\"1177,1176,1175,1174\" style=\"normal\" lightbox=\"false\" columns=\"2\" columns__sm=\"1\" columns__md=\"2\" image_height=\"56.25%\" image_size=\"original\" text_align=\"center\" text_bg=\"rgb(240, 240, 240)\" srcset=\"https:\/\/muabanduan.com.vn\/him-lam-an-hong\/wp-content\/uploads\/2024\/12\/tien-ich-cong-vien.jpg 2000w, https:\/\/muabanduan.com.vn\/him-lam-an-hong\/wp-content\/uploads\/2024\/12\/tien-ich-cong-vien-300x169.jpg 300w, https:\/\/muabanduan.com.vn\/him-lam-an-hong\/wp-content\/uploads\/2024\/12\/tien-ich-cong-vien-1024x576.jpg 1024w, https:\/\/muabanduan.com.vn\/him-lam-an-hong\/wp-content\/uploads\/2024\/12\/tien-ich-cong-vien-768x432.jpg 768w, https:\/\/muabanduan.com.vn\/him-lam-an-hong\/wp-content\/uploads\/2024\/12\/tien-ich-cong-vien-1536x864.jpg 1536w\" sizes=\"(max-width: 2000px) 100vw, 2000px\" \/>                                                              <\/div>\n              <div class=\"box-text text-center\" style=\"background-color:rgb(240, 240, 240);\">\n                 <p>C\u00d4NG VI\u00caN<\/p>\n              <\/div>\n            <\/div>\n                      <\/div>\n         <\/div>\n                 <div class=\"gallery-col col\" >\n          <div class=\"col-inner\">\n                        <div class=\"box has-hover gallery-box box-normal\">\n              <div class=\"box-image image-cover\" style=\"padding-top:56.25%;\">\n                <img loading=\"lazy\" decoding=\"async\" width=\"2000\" height=\"1125\" src=\"https:\/\/muabanduan.com.vn\/him-lam-an-hong\/wp-content\/uploads\/2024\/12\/tien-ich-nha-hang.jpg\" class=\"ga-fancybox\" alt=\"\" ids=\"1177,1176,1175,1174\" style=\"normal\" lightbox=\"false\" columns=\"2\" columns__sm=\"1\" columns__md=\"2\" image_height=\"56.25%\" image_size=\"original\" text_align=\"center\" text_bg=\"rgb(240, 240, 240)\" srcset=\"https:\/\/muabanduan.com.vn\/him-lam-an-hong\/wp-content\/uploads\/2024\/12\/tien-ich-nha-hang.jpg 2000w, https:\/\/muabanduan.com.vn\/him-lam-an-hong\/wp-content\/uploads\/2024\/12\/tien-ich-nha-hang-300x169.jpg 300w, https:\/\/muabanduan.com.vn\/him-lam-an-hong\/wp-content\/uploads\/2024\/12\/tien-ich-nha-hang-1024x576.jpg 1024w, https:\/\/muabanduan.com.vn\/him-lam-an-hong\/wp-content\/uploads\/2024\/12\/tien-ich-nha-hang-768x432.jpg 768w, https:\/\/muabanduan.com.vn\/him-lam-an-hong\/wp-content\/uploads\/2024\/12\/tien-ich-nha-hang-1536x864.jpg 1536w\" sizes=\"(max-width: 2000px) 100vw, 2000px\" \/>                                                              <\/div>\n              <div class=\"box-text text-center\" style=\"background-color:rgb(240, 240, 240);\">\n                 <p>KHU TH\u01af\u01a0NG M\u1ea0I<\/p>\n              <\/div>\n            <\/div>\n                      <\/div>\n         <\/div>\n                 <div class=\"gallery-col col\" >\n          <div class=\"col-inner\">\n                        <div class=\"box has-hover gallery-box box-normal\">\n              <div class=\"box-image image-cover\" style=\"padding-top:56.25%;\">\n                <img loading=\"lazy\" decoding=\"async\" width=\"1500\" height=\"844\" src=\"https:\/\/muabanduan.com.vn\/him-lam-an-hong\/wp-content\/uploads\/2024\/12\/tien-ich-san-choi-tre-em.jpg\" class=\"ga-fancybox\" alt=\"\" ids=\"1177,1176,1175,1174\" style=\"normal\" lightbox=\"false\" columns=\"2\" columns__sm=\"1\" columns__md=\"2\" image_height=\"56.25%\" image_size=\"original\" text_align=\"center\" text_bg=\"rgb(240, 240, 240)\" srcset=\"https:\/\/muabanduan.com.vn\/him-lam-an-hong\/wp-content\/uploads\/2024\/12\/tien-ich-san-choi-tre-em.jpg 1500w, https:\/\/muabanduan.com.vn\/him-lam-an-hong\/wp-content\/uploads\/2024\/12\/tien-ich-san-choi-tre-em-300x169.jpg 300w, https:\/\/muabanduan.com.vn\/him-lam-an-hong\/wp-content\/uploads\/2024\/12\/tien-ich-san-choi-tre-em-1024x576.jpg 1024w, https:\/\/muabanduan.com.vn\/him-lam-an-hong\/wp-content\/uploads\/2024\/12\/tien-ich-san-choi-tre-em-768x432.jpg 768w\" sizes=\"(max-width: 1500px) 100vw, 1500px\" \/>                                                              <\/div>\n              <div class=\"box-text text-center\" style=\"background-color:rgb(240, 240, 240);\">\n                 <p>S\u00c2N CH\u01a0I TR\u1eba EM<\/p>\n              <\/div>\n            <\/div>\n                      <\/div>\n         <\/div>\n         <\/div>\n\t\t<\/div>\n\t\t\t\t\t<\/div>\n\n\t\n<\/div>\n\t\t<\/div>\n\n\t\t\n<style>\n#section_1354887239 {\n  padding-top: 30px;\n  padding-bottom: 30px;\n}\n#section_1354887239 .ux-shape-divider--top svg {\n  height: 150px;\n  --divider-top-width: 100%;\n}\n#section_1354887239 .ux-shape-divider--bottom svg {\n  height: 150px;\n  --divider-width: 100%;\n}\n<\/style>\n\t<\/section>\n\t\n","protected":false},"excerpt":{"rendered":"","protected":false},"author":3,"featured_media":0,"parent":0,"menu_order":0,"comment_status":"closed","ping_status":"closed","template":"page-blank.php","meta":{"footnotes":""},"class_list":["post-990","page","type-page","status-publish","hentry"],"_links":{"self":[{"href":"https:\/\/muabanduan.com.vn\/him-lam-an-hong\/wp-json\/wp\/v2\/pages\/990"}],"collection":[{"href":"https:\/\/muabanduan.com.vn\/him-lam-an-hong\/wp-json\/wp\/v2\/pages"}],"about":[{"href":"https:\/\/muabanduan.com.vn\/him-lam-an-hong\/wp-json\/wp\/v2\/types\/page"}],"author":[{"embeddable":true,"href":"https:\/\/muabanduan.com.vn\/him-lam-an-hong\/wp-json\/wp\/v2\/users\/3"}],"replies":[{"embeddable":true,"href":"https:\/\/muabanduan.com.vn\/him-lam-an-hong\/wp-json\/wp\/v2\/comments?post=990"}],"version-history":[{"count":6,"href":"https:\/\/muabanduan.com.vn\/him-lam-an-hong\/wp-json\/wp\/v2\/pages\/990\/revisions"}],"predecessor-version":[{"id":1187,"href":"https:\/\/muabanduan.com.vn\/him-lam-an-hong\/wp-json\/wp\/v2\/pages\/990\/revisions\/1187"}],"wp:attachment":[{"href":"https:\/\/muabanduan.com.vn\/him-lam-an-hong\/wp-json\/wp\/v2\/media?parent=990"}],"curies":[{"name":"wp","href":"https:\/\/api.w.org\/{rel}","templated":true}]}}